{"id":97,"date":"2014-07-10T12:27:39","date_gmt":"2014-07-10T12:27:39","guid":{"rendered":"http:\/\/www.gate-tourismus.de\/?page_id=97"},"modified":"2022-10-24T20:53:07","modified_gmt":"2022-10-24T20:53:07","slug":"netzwerke-und-kooperationen","status":"publish","type":"page","link":"https:\/\/www.gate-tourismus.de\/?page_id=97","title":{"rendered":"Netzwerke und Kooperationen"},"content":{"rendered":"<p style=\"text-align: justify;\">Nur gemeinsam l\u00e4sst sich etwas bewegen. Dies gilt gerade auch f\u00fcr die Vereinsarbeit. Aus diesem Grund engagiert sich GATE in verschiedenen Netzwerken und Kooperationen. Hier eine kurze Auswahl unserer Partner und Freunde.<\/p>\n<hr \/>\n<h2 style=\"text-align: justify;\"><strong>Netzwerke<\/strong><\/h2>\n<p style=\"text-align: justify;\"><a href=\"http:\/\/www.gate-tourismus.de\/wp-content\/uploads\/2014\/07\/logo_link_ber_web.gif\"><img loading=\"lazy\" decoding=\"async\" class=\"alignleft size-full wp-image-100\" src=\"http:\/\/www.gate-tourismus.de\/wp-content\/uploads\/2014\/07\/logo_link_ber_web.gif\" alt=\"logo_link_ber_web\" width=\"150\" height=\"58\" \/><\/a>Der <strong>Berliner Entwicklungspolitische Ratschlag (BER e.V.)<\/strong> ist das Netzwerk entwicklungspolitischer Initiativen, Vereine und Gruppen auf Berliner Landesebene. Er dient der gemeinsamen Koordination nach innen und der zentralen Interessenvertretung nach au\u00dfen. Die Mitglieder, so auch GATE, verpflichten sich au\u00dferdem zu gemeinsamen Standards wie der <a title=\"Link zur Kinderschutz-Policy des BER\" href=\"http:\/\/ber-ev.de\/Mitglieder\/kinderschutz\" target=\"_blank\" rel=\"noopener noreferrer\">Kinderschutz-Policy des BER<\/a>.<\/p>\n<p style=\"text-align: justify;\">Der BER koordiniert die inhaltliche Arbeit der in Berlin ans\u00e4ssigen NRO und vernetzt die Aktivit\u00e4ten der entwicklungspolitischen Informations-, Bildungs- und \u00d6ffentlichkeitsarbeit. Dar\u00fcber hinaus leistet er Lobbyarbeit f\u00fcr das Themenfeld Entwicklungszusammenarbeit bei Politik, Verwaltung, Beh\u00f6rden, Wirtschaft und Kirche. Neben dem Ringen um die kontinuierliche F\u00f6rderung der entwicklungspolitischen Inlandsarbeit initiiert der BER Diskussionen, Podien, Aktionen und Projekte.<\/p>\n<p style=\"text-align: justify;\"><a href=\"http:\/\/www.ber-ev.de\" target=\"_blank\" rel=\"noopener noreferrer\">http:\/\/www.ber-ev.de<\/a><\/p>\n<hr \/>\n<p><a href=\"http:\/\/www.gate-tourismus.de\/wp-content\/uploads\/2022\/10\/Gemeinschaftwerk_Nachhaltigkeit_Stempel_RGB.png\"><img loading=\"lazy\" decoding=\"async\" class=\"alignleft size-thumbnail wp-image-1453\" src=\"http:\/\/www.gate-tourismus.de\/wp-content\/uploads\/2022\/10\/Gemeinschaftwerk_Nachhaltigkeit_Stempel_RGB-150x150.png\" alt=\"\" width=\"150\" height=\"150\" srcset=\"https:\/\/www.gate-tourismus.de\/wp-content\/uploads\/2022\/10\/Gemeinschaftwerk_Nachhaltigkeit_Stempel_RGB-150x150.png 150w, https:\/\/www.gate-tourismus.de\/wp-content\/uploads\/2022\/10\/Gemeinschaftwerk_Nachhaltigkeit_Stempel_RGB-300x300.png 300w, https:\/\/www.gate-tourismus.de\/wp-content\/uploads\/2022\/10\/Gemeinschaftwerk_Nachhaltigkeit_Stempel_RGB-768x768.png 768w, https:\/\/www.gate-tourismus.de\/wp-content\/uploads\/2022\/10\/Gemeinschaftwerk_Nachhaltigkeit_Stempel_RGB-1024x1024.png 1024w, https:\/\/www.gate-tourismus.de\/wp-content\/uploads\/2022\/10\/Gemeinschaftwerk_Nachhaltigkeit_Stempel_RGB-60x60.png 60w\" sizes=\"auto, (max-width: 150px) 100vw, 150px\" \/><\/a>Das <strong>Gemeinschaftswerk Nachhaltigkeit<\/strong> ist eine neue Initiative und offene Plattform zur F\u00f6rderung von Nachhaltigkeitsengagement in Deutschland. Ziel ist es Nachhaltigkeit in unserer Gesellschaft im Rahmen der 17 Nachhaltigkeitsziele (Sustainable Development Goals, SDGs) voranbringen.<\/p>\n<p>\u201eDas tun wir, indem wir Engagement sichtbar machen und f\u00f6rdern, Organisationen aus Politik, Wirtschaft, Wissenschaft und Zivilgesellschaft zusammenbringen und gemeinsam neue Ideen und L\u00f6sungen f\u00fcr die Herausforderungen der Nachhaltigkeitstransformation entwickeln.\u201c<\/p>\n<p><a href=\"https:\/\/gemeinschaftswerk-nachhaltigkeit.de\/\">https:\/\/gemeinschaftswerk-nachhaltigkeit.de\/<\/a><\/p>\n<hr \/>\n<p style=\"text-align: justify;\"><a href=\"http:\/\/www.gate-tourismus.de\/wp-content\/uploads\/2014\/07\/logo-berlin-global-village.jpg\"><img loading=\"lazy\" decoding=\"async\" class=\"alignleft size-thumbnail wp-image-101\" src=\"http:\/\/www.gate-tourismus.de\/wp-content\/uploads\/2014\/07\/logo-berlin-global-village-150x150.jpg\" alt=\"logo-berlin global village\" width=\"150\" height=\"150\" srcset=\"https:\/\/www.gate-tourismus.de\/wp-content\/uploads\/2014\/07\/logo-berlin-global-village-150x150.jpg 150w, https:\/\/www.gate-tourismus.de\/wp-content\/uploads\/2014\/07\/logo-berlin-global-village-60x60.jpg 60w\" sizes=\"auto, (max-width: 150px) 100vw, 150px\" \/><\/a><strong>Berlin Global Vil\u00adlage<\/strong> ist aus einer Ini\u00adtia\u00adtive des Berliner Entwick\u00adlungspoli\u00adtis\u00adchen Ratschlags her\u00advorge\u00adgan\u00adgen und hat das Ziel auf der Stralauer Hal\u00adbinsel in Berlin ein lebendi\u00adges und offenes entwick\u00adlungspoli\u00adtis\u00adches Eine-Welt-Zentrum zu errichten.<\/p>\n<p style=\"text-align: justify;\">Das Zen\u00adtrum, das als Haus der Vielfalt und des Dialogs geplant ist, soll einer Vielzahl von Men\u00adschen offen ste\u00adhen und sie zu Ver\u00adanstal\u00adtun\u00adgen oder zu eigenem Engage\u00adment einladen. In Berlin Global Village wirken und arbeiten unter\u00adschiedlich\u00adste Organ\u00adi\u00adsa\u00adtio\u00adnen, Ini\u00adtia\u00adtiven und Personen mit dem Ziel zu einer gr\u00f6\u00dferen Sicht\u00adbarkeit und Wirk\u00adsamkeit der entwick\u00adlungspoli\u00adtis\u00adchen Arbeit in Berlin beizutragen.<\/p>\n<p style=\"text-align: justify;\"><a href=\"http:\/\/www.berlin-global-village.de\/\" target=\"_blank\" rel=\"noopener noreferrer\">http:\/\/www.berlin-global-village.de\/<\/a><\/p>\n<hr \/>\n<p style=\"text-align: justify;\"><a href=\"http:\/\/www.gate-tourismus.de\/wp-content\/uploads\/2014\/07\/logo_link_ese_web.gif\"><img loading=\"lazy\" decoding=\"async\" class=\"alignleft size-full wp-image-104\" src=\"http:\/\/www.gate-tourismus.de\/wp-content\/uploads\/2014\/07\/logo_link_ese_web.gif\" alt=\"logo_link_ese_web\" width=\"150\" height=\"35\" \/><\/a><\/p>\n<p style=\"text-align: justify;\"><strong>Ethnologie in Schule und Erwachsenenbildung (ESE) e.V.<\/strong> wurde 1992 gegr\u00fcndet und hat bundesweit \u00fcber 120 Mitglieder, vor allem aus den Bereichen Ethnologie, P\u00e4dagogik und Geographie.<br \/>\nESE geht neue Wege bei der Vermittlung von Wissen \u00fcber fremde Kulturen. Sie arbeiten mit dem Anspruch, authentisch, interessant und verst\u00e4ndlich zu berichten. Grundlage f\u00fcr Ihre Arbeit sind die ethnologischen Forschungsaufenthalte der ESE-Mitglieder. Ziel ist es, zur besseren Verst\u00e4ndigung zwischen Menschen unterschiedlicher kultureller Herkunft beizutragen.<\/p>\n<p style=\"text-align: justify;\"><a href=\"http:\/\/www.ese-web.de\/\" target=\"_blank\" rel=\"noopener noreferrer\">http:\/\/www.ese-web.de\/<\/a><\/p>\n<hr \/>\n<h2 style=\"text-align: justify;\">Kooperationen<\/h2>\n<p style=\"text-align: justify;\"><strong><a href=\"http:\/\/www.gate-tourismus.de\/wp-content\/uploads\/2014\/07\/logo-Tourism-Watch.jpg\"><img loading=\"lazy\" decoding=\"async\" class=\"alignleft wp-image-445\" src=\"http:\/\/www.gate-tourismus.de\/wp-content\/uploads\/2014\/07\/logo-Tourism-Watch-300x150.jpg\" alt=\"logo Tourism Watch\" width=\"200\" height=\"100\" srcset=\"https:\/\/www.gate-tourismus.de\/wp-content\/uploads\/2014\/07\/logo-Tourism-Watch-300x150.jpg 300w, https:\/\/www.gate-tourismus.de\/wp-content\/uploads\/2014\/07\/logo-Tourism-Watch-1024x512.jpg 1024w, https:\/\/www.gate-tourismus.de\/wp-content\/uploads\/2014\/07\/logo-Tourism-Watch.jpg 1181w\" sizes=\"auto, (max-width: 200px) 100vw, 200px\" \/><\/a><\/strong>Durch seine Arbeitsstelle <strong>Tourism Watch<\/strong> setzt sich Brot f\u00fcr die Welt gemeinsam mit \u00f6kumenischen Partnern f\u00fcr einen nachhaltigen, sozial verantwortlichen und umweltvertr\u00e4glichen Tourismus ein und ver\u00f6ffentlicht viertelj\u00e4hrlich den Informationsdienst \u201eTourismWatch\u201c. Im Fokus der tourismuspolitischen Arbeit stehen insbesondere Fragen einer menschenrechtlich ausgerichteten Tourismusentwicklung sowie der Zusammenhang von Klimagerechtigkeit und Tourismus. Freiwillige und bindende Konzepte der Unternehmensverantwortung bilden dar\u00fcber hinaus einen Arbeitsschwerpunkt der Fachstelle. Brot f\u00fcr die Welt ist Gr\u00fcndungsgesellschafter von TourCert, der Gesellschaft f\u00fcr Nachhaltigkeitszertifizierung im Tourismus.<\/p>\n<p style=\"text-align: justify;\">Tourism Watch steht im Austausch mit zahlreichen europ\u00e4ischen und internationalen Partnern und sucht den Dialog mit Politik, Wirtschaft und Medien. Tourism Watch nimmt die Mitgliedschaften von Brot f\u00fcr die Welt bei ECPAT Deutschland, Studienkreis f\u00fcr Tourismus und Entwicklung, akte &#8211; Arbeitskreis Tourismus und Entwicklung und TourCert wahr.<\/p>\n<p style=\"text-align: justify;\"><a href=\"http:\/\/www.tourism-watch.de\" target=\"_blank\" rel=\"noopener noreferrer\">http:\/\/www.tourism-watch.de<\/a><\/p>\n<hr \/>\n<p style=\"text-align: justify;\"><a href=\"http:\/\/www.gate-tourismus.de\/wp-content\/uploads\/2014\/07\/ecpat-logo.jpg\"><img loading=\"lazy\" decoding=\"async\" class=\"alignleft wp-image-109 size-full\" src=\"http:\/\/www.gate-tourismus.de\/wp-content\/uploads\/2014\/07\/ecpat-logo.jpg\" alt=\"ecpat-logo\" width=\"299\" height=\"127\" \/><\/a><\/p>\n<p style=\"text-align: justify;\"><strong>ECPAT Deutschland e.V.<\/strong> ist ein bundesweiter Zusammenschluss von 29 Institutionen und Gruppen. Die Arbeit des Vereines wird vom Grundsatz geleitet, dass jedes Kind Anspruch auf umfassenden Schutz vor allen Formen der kommerziellen Ausbeutung und des sexuellen Missbrauchs hat.<\/p>\n<p style=\"text-align: justify;\">ECPAT engagiert sich in den Bereichen Politik, Justiz, Wirtschaft und Bildung und f\u00fchrt Kampagnen zur Sensibilisierung der \u00d6ffentlichkeit, zur Entwicklung von Pr\u00e4ventivma\u00dfnahmen und zur Schaffung von rechtlichen Grundlagen zum Schutz der Kinder durch. Daf\u00fcr arbeitet der Verein mit Reiseveranstaltern zusammen, die den Verhaltenskodex unterschrieben haben und unterst\u00fctzt sie bei entsprechenden Sensibilisierungs,- und Schulungsma\u00dfnahmen f\u00fcr touristische Fachkr\u00e4fte und Auszubildende.<\/p>\n<p style=\"text-align: justify;\"><a href=\"http:\/\/www.ecpat.de\" target=\"_blank\" rel=\"noopener noreferrer\">http:\/\/www.ecpat.de<\/a><\/p>\n<hr \/>\n<p style=\"text-align: justify;\"><a href=\"http:\/\/www.gate-tourismus.de\/wp-content\/uploads\/2014\/07\/Logo_mc_Mittel.jpg\"><img loading=\"lazy\" decoding=\"async\" class=\"alignleft size-medium wp-image-610\" src=\"http:\/\/www.gate-tourismus.de\/wp-content\/uploads\/2014\/07\/Logo_mc_Mittel-300x95.jpg\" alt=\"Logo_mc_Mittel\" width=\"300\" height=\"95\" srcset=\"https:\/\/www.gate-tourismus.de\/wp-content\/uploads\/2014\/07\/Logo_mc_Mittel-300x95.jpg 300w, https:\/\/www.gate-tourismus.de\/wp-content\/uploads\/2014\/07\/Logo_mc_Mittel.jpg 500w\" sizes=\"auto, (max-width: 300px) 100vw, 300px\" \/><\/a>Das Beratungsunternehmen <strong>mascontour<\/strong> GmbH mit Sitz in Berlin wurde im Jahr 2005 gegr\u00fcndet. Ziel unserer Arbeit ist die innovative und konsequente Verkn\u00fcpfung von Tourismus- und Nachhaltigkeitsmanagement. Hierf\u00fcr steht unser interdisziplin\u00e4res Team, das sowohl \u00fcber langj\u00e4hrige internationale Branchenkompetenz im Tourismus als auch \u00fcber fundierte Fachkompetenz in Fragen einer nachhaltigen Entwicklung verf\u00fcgt.<\/p>\n<p style=\"text-align: justify;\">Zu unseren Kunden z\u00e4hlen Destinationen und touristische Unternehmen sowie Organisationen der Entwicklungszusammenarbeit und die Tourismuspolitik. mascontour bietet praxisnahe L\u00f6sungen und Ideen mit Zukunft aus einer Hand \u2013 von der Analyse &amp; Planung \u00fcber Management &amp; Qualifizierung bis hin zu Marketing &amp; PR sowie Evaluierung &amp; Monitoring.<\/p>\n<p style=\"text-align: justify;\"><a href=\"http:\/\/www.mascontour.info\" target=\"_blank\" rel=\"noopener noreferrer\">http:\/\/www.mascontour.info<\/a><\/p>\n","protected":false},"excerpt":{"rendered":"<p>Nur gemeinsam l\u00e4sst sich etwas bewegen. Dies gilt gerade auch f\u00fcr die Vereinsarbeit. Aus diesem Grund engagiert sich GATE in verschiedenen Netzwerken und Kooperationen. Hier eine kurze Auswahl unserer Partner und Freunde. Netzwerke Der Berliner Entwicklungspolitische Ratschlag (BER e.V.) ist das Netzwerk entwicklungspolitischer Initiativen, Vereine und Gruppen auf Berliner Landesebene. Er dient der gemeinsamen Koordination [&hellip;]<\/p>\n","protected":false},"author":1,"featured_media":0,"parent":0,"menu_order":0,"comment_status":"closed","ping_status":"closed","template":"","meta":{"footnotes":""},"class_list":["post-97","page","type-page","status-publish","hentry"],"_links":{"self":[{"href":"https:\/\/www.gate-tourismus.de\/index.php?rest_route=\/wp\/v2\/pages\/97","targetHints":{"allow":["GET"]}}],"collection":[{"href":"https:\/\/www.gate-tourismus.de\/index.php?rest_route=\/wp\/v2\/pages"}],"about":[{"href":"https:\/\/www.gate-tourismus.de\/index.php?rest_route=\/wp\/v2\/types\/page"}],"author":[{"embeddable":true,"href":"https:\/\/www.gate-tourismus.de\/index.php?rest_route=\/wp\/v2\/users\/1"}],"replies":[{"embeddable":true,"href":"https:\/\/www.gate-tourismus.de\/index.php?rest_route=%2Fwp%2Fv2%2Fcomments&post=97"}],"version-history":[{"count":22,"href":"https:\/\/www.gate-tourismus.de\/index.php?rest_route=\/wp\/v2\/pages\/97\/revisions"}],"predecessor-version":[{"id":1454,"href":"https:\/\/www.gate-tourismus.de\/index.php?rest_route=\/wp\/v2\/pages\/97\/revisions\/1454"}],"wp:attachment":[{"href":"https:\/\/www.gate-tourismus.de\/index.php?rest_route=%2Fwp%2Fv2%2Fmedia&parent=97"}],"curies":[{"name":"wp","href":"https:\/\/api.w.org\/{rel}","templated":true}]}}