{"id":82,"date":"2014-07-10T12:14:29","date_gmt":"2014-07-10T12:14:29","guid":{"rendered":"http:\/\/www.gate-tourismus.de\/?page_id=82"},"modified":"2022-10-24T21:04:35","modified_gmt":"2022-10-24T21:04:35","slug":"mitmachen","status":"publish","type":"page","link":"https:\/\/www.gate-tourismus.de\/?page_id=82","title":{"rendered":"Mitmachen"},"content":{"rendered":"<p><strong>Ehrenamtliche Mitarbeit<\/strong><br \/>\nDa GATE ein komplett ehrenamtlich organisierter Verein ist, freuen wir uns immer \u00fcber aktive Unterst\u00fctzung! Aktuell suchen wir nach Hilfe bei der <a href=\"http:\/\/www.gate-tourismus.de\/wp-content\/uploads\/2019\/10\/Stellenausschreibung_GATE_Themenabend-Organisation-.pdf\" target=\"_blank\" rel=\"noopener noreferrer\"><strong>Themenabend-Organisation<\/strong><\/a>, der <a href=\"http:\/\/www.gate-tourismus.de\/wp-content\/uploads\/2019\/10\/Stellenausschreibung_GATE_Webseiten-Betreuung-.pdf\" target=\"_blank\" rel=\"noopener noreferrer\"><strong>Webseiten-Betreuung<\/strong><\/a>, der <strong><a href=\"http:\/\/www.gate-tourismus.de\/wp-content\/uploads\/2019\/10\/Stellenausschreibung_GATE_Betreuung-Facebook.pdf\" target=\"_blank\" rel=\"noopener noreferrer\">Facebook-Pflege<\/a><\/strong> und bei der <a href=\"http:\/\/www.gate-tourismus.de\/wp-content\/uploads\/2019\/10\/Stellenausschreibung_GATE_interne-Kommunikation.pdf\" target=\"_blank\" rel=\"noopener noreferrer\"><strong>internen<\/strong> <strong>Kommunikation<\/strong><\/a><strong>.<\/strong> Wir freuen uns von Interessierten zu h\u00f6ren!<\/p>\n<hr \/>\n<p style=\"text-align: justify;\"><a href=\"http:\/\/www.gate-tourismus.de\/wp-content\/uploads\/2014\/07\/Gate-Kinder-Peru.jpg\"><img loading=\"lazy\" decoding=\"async\" class=\"alignleft size-thumbnail wp-image-83\" src=\"http:\/\/www.gate-tourismus.de\/wp-content\/uploads\/2014\/07\/Gate-Kinder-Peru-150x150.jpg\" alt=\"Gate-Kinder-Peru\" width=\"150\" height=\"150\" srcset=\"https:\/\/www.gate-tourismus.de\/wp-content\/uploads\/2014\/07\/Gate-Kinder-Peru-150x150.jpg 150w, https:\/\/www.gate-tourismus.de\/wp-content\/uploads\/2014\/07\/Gate-Kinder-Peru-60x60.jpg 60w\" sizes=\"auto, (max-width: 150px) 100vw, 150px\" \/><\/a><strong>Mitgliedschaft<\/strong><br \/>\nWir freuen uns \u00fcber neue aktive Mitglieder. Der Mitgliedsbeitrag betr\u00e4gt 30 \u20ac pro Jahr. Vereinsbeitr\u00e4ge und Spenden k\u00f6nnen steuerlich geltend gemacht werden. Das ausgef\u00fcllte <a href=\"http:\/\/www.gate-tourismus.de\/wp-content\/uploads\/2022\/10\/gate_beitrittserklaerung_221021.doc\">GATE-Beitrittsformular<\/a> senden Sie bitte an: kontakt@gate-tourimus.de.<\/p>\n<p style=\"text-align: justify;\">Hier finden Sie die <a href=\"http:\/\/www.gate-tourismus.de\/wp-content\/uploads\/2014\/07\/gate_satzung.pdf\" target=\"_blank\" rel=\"noopener noreferrer\">Satzung von GATE<\/a>.<\/p>\n<hr \/>\n<p style=\"text-align: justify;\"><strong><a href=\"http:\/\/www.gate-tourismus.de\/wp-content\/uploads\/2014\/07\/Gate-Stammtisch.jpg\"><img loading=\"lazy\" decoding=\"async\" class=\"alignleft size-thumbnail wp-image-85\" src=\"http:\/\/www.gate-tourismus.de\/wp-content\/uploads\/2014\/07\/Gate-Stammtisch-150x150.jpg\" alt=\"Gate-Stammtisch\" width=\"150\" height=\"150\" srcset=\"https:\/\/www.gate-tourismus.de\/wp-content\/uploads\/2014\/07\/Gate-Stammtisch-150x150.jpg 150w, https:\/\/www.gate-tourismus.de\/wp-content\/uploads\/2014\/07\/Gate-Stammtisch-60x60.jpg 60w\" sizes=\"auto, (max-width: 150px) 100vw, 150px\" \/><\/a>Themenabend<\/strong><br \/>\nEine gute M\u00f6glichkeit GATE und seine Mitglieder kennen zu lernen, bieten die Themenabende, zu denen alle Interessierten herzlich eingeladen sind. Ein Themenabend setzt sich jeweils aus dem Vortrag eines eingeladenen Expertens und anschlie\u00dfender gem\u00fctlicher Diskussionsrunde zusammen. Die n\u00e4chsten Termine und Themen stehen unter Aktuell.<\/p>\n<hr \/>\n<p style=\"text-align: justify;\"><strong><a href=\"http:\/\/www.gate-tourismus.de\/wp-content\/uploads\/2014\/07\/Gate-Touristen-und-Guide.jpg\"><img loading=\"lazy\" decoding=\"async\" class=\"alignleft size-thumbnail wp-image-91\" src=\"http:\/\/www.gate-tourismus.de\/wp-content\/uploads\/2014\/07\/Gate-Touristen-und-Guide-150x150.jpg\" alt=\"Gate-Touristen und Guide\" width=\"150\" height=\"150\" srcset=\"https:\/\/www.gate-tourismus.de\/wp-content\/uploads\/2014\/07\/Gate-Touristen-und-Guide-150x150.jpg 150w, https:\/\/www.gate-tourismus.de\/wp-content\/uploads\/2014\/07\/Gate-Touristen-und-Guide-60x60.jpg 60w\" sizes=\"auto, (max-width: 150px) 100vw, 150px\" \/><\/a>Unterst\u00fctzen<\/strong><br \/>\nNat\u00fcrlich k\u00f6nnen Sie GATE auch unterst\u00fctzen ohne Mitglied zu sein. Wenn Sie eine thematisch nahe liegende Veranstaltung organisieren oder sich anderweitig einbringen wollen, kontaktieren Sie uns einfach. Eine gute M\u00f6glichkeit zur Diskussion und zum Dialog bietet auch die Kommentarfunktion auf unserer Facebook-Seite.<\/p>\n<hr \/>\n<p style=\"text-align: justify;\"><strong><a href=\"http:\/\/www.gate-tourismus.de\/wp-content\/uploads\/2014\/07\/Marokko-Trinkwasserverk\u00e4ufer-traditionell-klein.jpg\"><img loading=\"lazy\" decoding=\"async\" class=\"alignleft size-thumbnail wp-image-95\" src=\"http:\/\/www.gate-tourismus.de\/wp-content\/uploads\/2014\/07\/Marokko-Trinkwasserverk\u00e4ufer-traditionell-klein-150x150.jpg\" alt=\"Marokko-Trinkwasserverk\u00e4ufer traditionell-klein\" width=\"150\" height=\"150\" srcset=\"https:\/\/www.gate-tourismus.de\/wp-content\/uploads\/2014\/07\/Marokko-Trinkwasserverk\u00e4ufer-traditionell-klein-150x150.jpg 150w, https:\/\/www.gate-tourismus.de\/wp-content\/uploads\/2014\/07\/Marokko-Trinkwasserverk\u00e4ufer-traditionell-klein-60x60.jpg 60w\" sizes=\"auto, (max-width: 150px) 100vw, 150px\" \/><\/a>Spenden<\/strong><br \/>\nSelbstverst\u00e4ndlich k\u00f6nnen Sie die Arbeit unseres Vereins auch mit Spenden unterst\u00fctzen. Dies geht \u00fcber <a href=\"http:\/\/www.wecanhelp.de\/\">WeCanHelp<\/a> und per \u00dcberweisung. Als eingetragener Verein k\u00f6nnen wir Ihnen auf Wunsch auch eine Spendenquittung f\u00fcr die Steuererkl\u00e4rung ausstellen. Bis zu einem Betrag von 200 Euro reicht allerdings auch der Einzahlungsbeleg.<\/p>\n<hr \/>\n<p style=\"text-align: justify;\"><strong><a href=\"http:\/\/www.gate-tourismus.de\/wp-content\/uploads\/2014\/07\/Gate-Stelzent\u00e4nzer.jpg\"><img loading=\"lazy\" decoding=\"async\" class=\"alignleft size-thumbnail wp-image-92\" src=\"http:\/\/www.gate-tourismus.de\/wp-content\/uploads\/2014\/07\/Gate-Stelzent\u00e4nzer-150x150.jpg\" alt=\"Gate-Stelzent\u00e4nzer\" width=\"150\" height=\"150\" srcset=\"https:\/\/www.gate-tourismus.de\/wp-content\/uploads\/2014\/07\/Gate-Stelzent\u00e4nzer-150x150.jpg 150w, https:\/\/www.gate-tourismus.de\/wp-content\/uploads\/2014\/07\/Gate-Stelzent\u00e4nzer-60x60.jpg 60w\" sizes=\"auto, (max-width: 150px) 100vw, 150px\" \/><\/a>Praktikum<\/strong><br \/>\nLeider k\u00f6nnen wir momentan keinen Praktikumsplatz anbieten. Falls projektbezogene Praktikumspl\u00e4tze zur Verf\u00fcgung stehen, sind diese hier aufgelistet.<\/p>\n","protected":false},"excerpt":{"rendered":"<p>Ehrenamtliche Mitarbeit Da GATE ein komplett ehrenamtlich organisierter Verein ist, freuen wir uns immer \u00fcber aktive Unterst\u00fctzung! Aktuell suchen wir nach Hilfe bei der Themenabend-Organisation, der Webseiten-Betreuung, der Facebook-Pflege und bei der internen Kommunikation. Wir freuen uns von Interessierten zu h\u00f6ren! Mitgliedschaft Wir freuen uns \u00fcber neue aktive Mitglieder. Der Mitgliedsbeitrag betr\u00e4gt 30 \u20ac pro [&hellip;]<\/p>\n","protected":false},"author":1,"featured_media":0,"parent":0,"menu_order":0,"comment_status":"closed","ping_status":"closed","template":"","meta":{"footnotes":""},"class_list":["post-82","page","type-page","status-publish","hentry"],"_links":{"self":[{"href":"https:\/\/www.gate-tourismus.de\/index.php?rest_route=\/wp\/v2\/pages\/82","targetHints":{"allow":["GET"]}}],"collection":[{"href":"https:\/\/www.gate-tourismus.de\/index.php?rest_route=\/wp\/v2\/pages"}],"about":[{"href":"https:\/\/www.gate-tourismus.de\/index.php?rest_route=\/wp\/v2\/types\/page"}],"author":[{"embeddable":true,"href":"https:\/\/www.gate-tourismus.de\/index.php?rest_route=\/wp\/v2\/users\/1"}],"replies":[{"embeddable":true,"href":"https:\/\/www.gate-tourismus.de\/index.php?rest_route=%2Fwp%2Fv2%2Fcomments&post=82"}],"version-history":[{"count":27,"href":"https:\/\/www.gate-tourismus.de\/index.php?rest_route=\/wp\/v2\/pages\/82\/revisions"}],"predecessor-version":[{"id":1459,"href":"https:\/\/www.gate-tourismus.de\/index.php?rest_route=\/wp\/v2\/pages\/82\/revisions\/1459"}],"wp:attachment":[{"href":"https:\/\/www.gate-tourismus.de\/index.php?rest_route=%2Fwp%2Fv2%2Fmedia&parent=82"}],"curies":[{"name":"wp","href":"https:\/\/api.w.org\/{rel}","templated":true}]}}