{"id":64,"date":"2014-07-10T10:31:20","date_gmt":"2014-07-10T10:31:20","guid":{"rendered":"http:\/\/www.gate-tourismus.de\/?page_id=64"},"modified":"2025-09-22T10:38:25","modified_gmt":"2025-09-22T10:38:25","slug":"start","status":"publish","type":"page","link":"https:\/\/www.gate-tourismus.de\/","title":{"rendered":"Start"},"content":{"rendered":"<div class=\"entry-content\">\n<h1 style=\"text-align: justify;\"><strong>Willkommen bei GATE e.V.<\/strong><\/h1>\n<p style=\"text-align: justify;\">GATE \u2013 Netzwerk, Tourismus, Kultur e.V. engagiert sich f\u00fcr sozial- und umweltvertr\u00e4gliches Reisen. Dabei orientieren wir uns an ethnologischen Perspektiven, um st\u00e4rker und klarer zwischen Reisenden und Bereisten vermitteln zu k\u00f6nnen.<\/p>\n<p style=\"text-align: justify;\">Durch die Organisation und Teilnahme an Symposien und tourismusrelevanten Veranstaltungen sowie \u00fcber interdisziplin\u00e4re Themenabende und thematische Materialsammlungen wollen wir \u00fcber die M\u00f6glichkeiten einer nachhaltigen Tourismusentwicklung informieren.<\/p>\n<p>Diese Seite wird gerade \u00fcberarbeitet. Auf Mobilger\u00e4ten ist sie daher nur eingeschr\u00e4nkt nutzbar.<br \/>\nVielen Dank f\u00fcr Ihr Verst\u00e4ndnis!<\/p>\n<p>Bei Interesse nehmen Sie Kontakt auf \u00fcber<br \/>\n<strong>kontakt(at)gate-tourismus.de<\/strong><\/p>\n<p>September 2025<br \/>\nDer Vorstand<\/p>\n<\/div>\n<div style=\"overflow: hidden; position: relative;\">\n<div style=\"position: absolute; top: 0; left: -5000px;\">\n<p>Casino Vavada \u2013 \u044d\u0442\u043e \u0438\u0437\u0432\u0435\u0441\u0442\u043d\u0430\u044f \u043f\u043b\u043e\u0449\u0430\u0434\u043a\u0430 \u0434\u043b\u044f \u0438\u0433\u0440\u043e\u0432\u044b\u0445 \u0440\u0430\u0437\u0432\u043b\u0435\u0447\u0435\u043d\u0438\u0439, \u0443\u0434\u043e\u0432\u043b\u0435\u0442\u0432\u043e\u0440\u044f\u044e\u0449\u0430\u044f \u043f\u043e\u043b\u044c\u0437\u043e\u0432\u0430\u0442\u0435\u043b\u0435\u0439 \u0441\u043e \u0432\u0441\u0435\u0433\u043e \u043c\u0438\u0440\u0430. \u0420\u0435\u0433\u0438\u0441\u0442\u0440\u0430\u0446\u0438\u044f \u043d\u0430 casino Vavada \u043e\u0447\u0435\u043d\u044c \u0443\u0434\u043e\u0431\u043d\u0430\u044f. \u0415\u0441\u043b\u0438 \u043e\u0444\u0438\u0446\u0438\u0430\u043b\u044c\u043d\u044b\u0439 \u0441\u0430\u0439\u0442 \u0437\u0430\u0431\u043b\u043e\u043a\u0438\u0440\u043e\u0432\u0430\u043d, \u0440\u0430\u0431\u043e\u0447\u0435\u0435 \u0437\u0435\u0440\u043a\u0430\u043b\u043e Vavada \u043f\u043e\u043c\u043e\u0436\u0435\u0442 \u043e\u0431\u043e\u0439\u0442\u0438 \u043e\u0433\u0440\u0430\u043d\u0438\u0447\u0435\u043d\u0438\u044f \u0438 \u043f\u0440\u0435\u0434\u043e\u0441\u0442\u0430\u0432\u0438\u0442 \u043f\u043e\u043b\u043d\u044b\u0439 \u0444\u0443\u043d\u043a\u0446\u0438\u043e\u043d\u0430\u043b. <a href=\"https:\/\/altaaetas.media\/\">\u0412\u0430\u0432\u0430\u0434\u0430<\/a> \u043e\u043d\u043b\u0430\u0439\u043d \u043a\u0430\u0437\u0438\u043d\u043e \u043f\u0440\u0435\u0434\u043e\u0441\u0442\u0430\u0432\u043b\u044f\u0435\u0442 \u0431\u043e\u043b\u044c\u0448\u043e\u0435 \u0440\u0430\u0437\u043d\u043e\u043e\u0431\u0440\u0430\u0437\u0438\u0435 \u0430\u043f\u043f\u0430\u0440\u0430\u0442\u043e\u0432, \u0432 \u0438\u0445 \u0447\u0438\u0441\u043b\u0435 \u0437\u043d\u0430\u043c\u0435\u043d\u0438\u0442\u044b\u0435 \u0440\u0430\u0437\u0432\u043b\u0435\u0447\u0435\u043d\u0438\u044f, \u043a\u043e\u043b\u0435\u0441\u043e \u0444\u043e\u0440\u0442\u0443\u043d\u044b, \u0434\u0432\u0430\u0434\u0446\u0430\u0442\u044c \u043e\u0434\u043d\u043e \u0438 \u0434\u0440\u0443\u0433\u0438\u0435 \u043a\u043b\u0430\u0441\u0441\u0438\u0447\u0435\u0441\u043a\u0438\u0435 \u0438\u0433\u0440\u044b \u0438\u0433\u0440\u043e\u0432\u044b\u0445 \u043f\u043b\u0430\u0442\u0444\u043e\u0440\u043c. Vavada com \u0432\u044b\u0434\u0435\u043b\u044f\u0435\u0442\u0441\u044f \u0441\u0432\u043e\u0438\u043c\u0438 \u0449\u0435\u0434\u0440\u044b\u043c\u0438 \u0432\u043e\u0437\u043d\u0430\u0433\u0440\u0430\u0436\u0434\u0435\u043d\u0438\u044f\u043c\u0438, \u043f\u0440\u043e\u0433\u0440\u0430\u043c\u043c\u0430\u043c\u0438 \u0438 \u043f\u0440\u043e\u0434\u0443\u043c\u0430\u043d\u043d\u043e\u0439 \u043f\u0440\u043e\u0433\u0440\u0430\u043c\u043c\u043e\u0439 \u043b\u043e\u044f\u043b\u044c\u043d\u043e\u0441\u0442\u0438 \u0434\u043b\u044f \u043d\u043e\u0432\u0438\u0447\u043a\u043e\u0432. \u0412\u0430\u0432\u0430\u0434\u0430 \u043a\u0430\u0437\u0438\u043d\u043e \u043e\u0431\u0435\u0441\u043f\u0435\u0447\u0438\u0432\u0430\u0435\u0442 \u0437\u0430\u0449\u0438\u0442\u0443 \u0432\u0441\u0435\u0445 \u0442\u0440\u0430\u043d\u0437\u0430\u043a\u0446\u0438\u0439 \u0431\u043b\u0430\u0433\u043e\u0434\u0430\u0440\u044f \u0430\u043a\u0442\u0443\u0430\u043b\u044c\u043d\u044b\u043c \u0442\u0435\u0445\u043d\u043e\u043b\u043e\u0433\u0438\u044f\u043c \u0448\u0438\u0444\u0440\u043e\u0432\u0430\u043d\u0438\u044f \u0434\u0430\u043d\u043d\u044b\u0445. Casino Vavada \u043f\u043e\u0434\u0434\u0435\u0440\u0436\u0438\u0432\u0430\u0435\u0442 \u043c\u043d\u043e\u0433\u043e\u0447\u0438\u0441\u043b\u0435\u043d\u043d\u044b\u0435 \u0432\u0430\u0440\u0438\u0430\u043d\u0442\u044b \u0432\u043d\u0435\u0441\u0435\u043d\u0438\u044f \u0441\u0440\u0435\u0434\u0441\u0442\u0432 \u043d\u0430 \u0441\u0447\u0435\u0442 \u0438 \u0432\u044b\u0432\u043e\u0434\u0430 \u0441\u0440\u0435\u0434\u0441\u0442\u0432, \u0447\u0442\u043e \u0434\u0435\u043b\u0430\u0435\u0442 \u0444\u0438\u043d\u0430\u043d\u0441\u043e\u0432\u044b\u0435 \u043e\u043f\u0435\u0440\u0430\u0446\u0438\u0438 \u0431\u044b\u0441\u0442\u0440\u044b\u043c\u0438 \u0438 \u0431\u0435\u0437\u043e\u043f\u0430\u0441\u043d\u044b\u043c\u0438.<\/p>\n<\/div>\n<\/div>\n","protected":false},"excerpt":{"rendered":"<p>Willkommen bei GATE e.V. GATE \u2013 Netzwerk, Tourismus, Kultur e.V. engagiert sich f\u00fcr sozial- und umweltvertr\u00e4gliches Reisen. Dabei orientieren wir uns an ethnologischen Perspektiven, um st\u00e4rker und klarer zwischen Reisenden und Bereisten vermitteln zu k\u00f6nnen. Durch die Organisation und Teilnahme an Symposien und tourismusrelevanten Veranstaltungen sowie \u00fcber interdisziplin\u00e4re Themenabende und thematische Materialsammlungen wollen wir \u00fcber [&hellip;]<\/p>\n","protected":false},"author":1,"featured_media":0,"parent":0,"menu_order":0,"comment_status":"closed","ping_status":"closed","template":"","meta":{"footnotes":""},"class_list":["post-64","page","type-page","status-publish","hentry"],"_links":{"self":[{"href":"https:\/\/www.gate-tourismus.de\/index.php?rest_route=\/wp\/v2\/pages\/64","targetHints":{"allow":["GET"]}}],"collection":[{"href":"https:\/\/www.gate-tourismus.de\/index.php?rest_route=\/wp\/v2\/pages"}],"about":[{"href":"https:\/\/www.gate-tourismus.de\/index.php?rest_route=\/wp\/v2\/types\/page"}],"author":[{"embeddable":true,"href":"https:\/\/www.gate-tourismus.de\/index.php?rest_route=\/wp\/v2\/users\/1"}],"replies":[{"embeddable":true,"href":"https:\/\/www.gate-tourismus.de\/index.php?rest_route=%2Fwp%2Fv2%2Fcomments&post=64"}],"version-history":[{"count":62,"href":"https:\/\/www.gate-tourismus.de\/index.php?rest_route=\/wp\/v2\/pages\/64\/revisions"}],"predecessor-version":[{"id":1764,"href":"https:\/\/www.gate-tourismus.de\/index.php?rest_route=\/wp\/v2\/pages\/64\/revisions\/1764"}],"wp:attachment":[{"href":"https:\/\/www.gate-tourismus.de\/index.php?rest_route=%2Fwp%2Fv2%2Fmedia&parent=64"}],"curies":[{"name":"wp","href":"https:\/\/api.w.org\/{rel}","templated":true}]}}